{"id":1428,"date":"2023-12-29T19:32:23","date_gmt":"2023-12-29T19:32:23","guid":{"rendered":"https:\/\/ylleilutuba.ee\/?page_id=1428"},"modified":"2024-12-29T11:01:47","modified_gmt":"2024-12-29T11:01:47","slug":"matis-kapslihoolitsused","status":"publish","type":"page","link":"https:\/\/ylleilutuba.ee\/en_us\/teenused\/matis-kapslihoolitsused\/","title":{"rendered":"MATIS Treatments"},"content":{"rendered":"<p><div class=\"fusion-fullwidth fullwidth-box fusion-builder-row-1 fusion-flex-container has-pattern-background has-mask-background fusion-parallax-none hundred-percent-fullwidth non-hundred-percent-height-scrolling lazyload\" style=\"--awb-background-position:left top;--awb-border-sizes-top:0px;--awb-border-sizes-bottom:0px;--awb-border-sizes-left:0px;--awb-border-sizes-right:0px;--awb-border-radius-top-left:0px;--awb-border-radius-top-right:0px;--awb-border-radius-bottom-right:0px;--awb-border-radius-bottom-left:0px;--awb-padding-top:60px;--awb-padding-bottom:100px;--awb-margin-top:0px;--awb-background-color:#ffffff;--awb-background-size:cover;\" data-bg=\"https:\/\/ylleilutuba.ee\/wp-content\/uploads\/2015\/12\/service.png\" ><div class=\"fusion-builder-row fusion-row fusion-flex-align-items-stretch\" style=\"width:104% !important;max-width:104% !important;margin-left: calc(-4% \/ 2 );margin-right: calc(-4% \/ 2 );\"><div class=\"fusion-layout-column fusion_builder_column fusion-builder-column-0 fusion_builder_column_1_3 1_3 fusion-flex-column\" style=\"--awb-padding-top:40px;--awb-padding-right:40px;--awb-padding-bottom:40px;--awb-padding-left:40px;--awb-bg-color:var(--awb-color1);--awb-bg-size:cover;--awb-border-color:var(--awb-color4);--awb-border-top:1px;--awb-border-right:1px;--awb-border-bottom:1px;--awb-border-left:1px;--awb-border-style:solid;--awb-width-large:33.333333333333%;--awb-margin-top-large:20px;--awb-spacing-right-large:3.84%;--awb-spacing-left-large:5.76%;--awb-width-medium:100%;--awb-order-medium:0;--awb-spacing-right-medium:1.92%;--awb-spacing-left-medium:1.92%;--awb-width-small:100%;--awb-order-small:0;--awb-spacing-right-small:1.92%;--awb-spacing-left-small:1.92%;\"><div class=\"fusion-column-wrapper fusion-column-has-shadow fusion-flex-justify-content-flex-start fusion-content-layout-column\"><div class=\"fusion-title title fusion-title-1 fusion-sep-none fusion-title-text fusion-title-size-three\" style=\"--awb-margin-bottom:20px;--awb-font-size:var(--awb-typography2-font-size);\"><h3 class=\"title-heading-left fusion-responsive-typography-calculated\" style=\"font-family:var(--awb-typography2-font-family);font-weight:var(--awb-typography2-font-weight);font-style:var(--awb-typography2-font-style);margin:0;font-size:1em;letter-spacing:var(--awb-typography2-letter-spacing);text-transform:var(--awb-typography2-text-transform);--fontSize:22;--minFontSize:22;line-height:var(--awb-typography2-line-height);\"><p><strong>MATISPA Detox<br \/>\n<\/strong><\/p><\/h3><\/div><div class=\"fusion-text fusion-text-1\" style=\"--awb-font-size:var(--awb-typography4-font-size);--awb-line-height:1.8;--awb-letter-spacing:var(--awb-typography4-letter-spacing);--awb-text-transform:var(--awb-typography4-text-transform);--awb-text-color:var(--awb-color8);--awb-text-font-family:var(--awb-typography4-font-family);--awb-text-font-weight:var(--awb-typography4-font-weight);--awb-text-font-style:var(--awb-typography4-font-style);\"><p>MATISPA Detox is one of the premium services of \u00dclle's Beautyroom. A toxin removing and body cleansing treatment in the healthcapsule, which provides the ability to move and breathe more easily.<\/p>\n<ul>\n<li>Rain Moisture Care spray<\/li>\n<li>Body scrubbing (contains quercetin and honey tree oil)<\/li>\n<li>Body mask (contains apricot stone and marula oil)<\/li>\n<li>Healthcapsule program<\/li>\n<li>Calming massage (MATISPA Detox oil or Body Active Balm)<\/li>\n<\/ul>\n<p>Suitable for both men and women<\/p>\n<\/div><div class=\"fusion-separator fusion-full-width-sep\" style=\"align-self: center;margin-left: auto;margin-right: auto;width:100%;\"><\/div><div class=\"fusion-title title fusion-title-2 fusion-sep-none fusion-title-text fusion-title-size-three\" style=\"--awb-font-size:var(--awb-typography2-font-size);\"><h3 class=\"title-heading-left fusion-responsive-typography-calculated\" style=\"font-family:var(--awb-typography2-font-family);font-weight:var(--awb-typography2-font-weight);font-style:var(--awb-typography2-font-style);margin:0;font-size:1em;letter-spacing:var(--awb-typography2-letter-spacing);text-transform:var(--awb-typography2-text-transform);--fontSize:22;--minFontSize:22;line-height:var(--awb-typography2-line-height);\"><p><strong>Duration: 75 Minutes<br \/>\n<\/strong><\/p><\/h3><\/div><div class=\"fusion-title title fusion-title-3 fusion-sep-none fusion-title-text fusion-title-size-three\" style=\"--awb-margin-bottom:30px;--awb-font-size:var(--awb-typography2-font-size);\"><h3 class=\"title-heading-left fusion-responsive-typography-calculated\" style=\"font-family:var(--awb-typography2-font-family);font-weight:var(--awb-typography2-font-weight);font-style:var(--awb-typography2-font-style);margin:0;font-size:1em;letter-spacing:var(--awb-typography2-letter-spacing);text-transform:var(--awb-typography2-text-transform);--fontSize:22;--minFontSize:22;line-height:var(--awb-typography2-line-height);\"><p><strong>Price: 65 \u20ac<br \/>\n<\/strong><\/p><\/h3><\/div><div ><a class=\"fusion-button button-flat fusion-button-default-size button-default fusion-button-default button-1 fusion-button-default-span fusion-button-default-type\" style=\"--button_text_transform:var(--awb-typography3-text-transform);--button_font_size:var(--awb-typography3-font-size);--button_line_height:var(--awb-typography3-line-height);--button_typography-letter-spacing:var(--awb-typography3-letter-spacing);--button_typography-font-family:var(--awb-typography3-font-family);--button_typography-font-weight:var(--awb-typography3-font-weight);--button_typography-font-style:var(--awb-typography3-font-style);width:calc(100%);\" target=\"_self\" href=\"https:\/\/ylleilutuba.ee\/en_us\/broneeri-aeg\/\"><span class=\"fusion-button-text\">BOOK A TREATMENT<\/span><\/a><\/div><\/div><\/div><div class=\"fusion-layout-column fusion_builder_column fusion-builder-column-1 fusion_builder_column_2_3 2_3 fusion-flex-column fusion-flex-align-self-center fusion-no-small-visibility fusion-no-medium-visibility\" style=\"--awb-bg-size:cover;--awb-width-large:66.666666666667%;--awb-spacing-right-large:2.88%;--awb-spacing-left-large:2.88%;--awb-width-medium:100%;--awb-order-medium:0;--awb-spacing-right-medium:1.92%;--awb-spacing-left-medium:1.92%;--awb-width-small:100%;--awb-order-small:0;--awb-spacing-right-small:1.92%;--awb-spacing-left-small:1.92%;\"><div class=\"fusion-column-wrapper fusion-column-has-shadow fusion-flex-justify-content-flex-start fusion-content-layout-column\"><div class=\"fusion-image-element fusion-no-small-visibility\" style=\"text-align:center;\"><span class=\"fusion-imageframe imageframe-none imageframe-1 hover-type-none fusion-no-small-visibility\"><img decoding=\"async\" width=\"2048\" height=\"1152\" title=\"NW3B7180\" src=\"https:\/\/ylleilutuba.ee\/wp-content\/uploads\/2024\/01\/NW3B7180.jpg\" data-orig-src=\"https:\/\/ylleilutuba.ee\/wp-content\/uploads\/2024\/01\/NW3B7180.jpg\" alt class=\"lazyload img-responsive wp-image-1466\" srcset=\"data:image\/svg+xml,%3Csvg%20xmlns%3D%27http%3A%2F%2Fwww.w3.org%2F2000%2Fsvg%27%20width%3D%272048%27%20height%3D%271152%27%20viewBox%3D%270%200%202048%201152%27%3E%3Crect%20width%3D%272048%27%20height%3D%271152%27%20fill-opacity%3D%220%22%2F%3E%3C%2Fsvg%3E\" data-srcset=\"https:\/\/ylleilutuba.ee\/wp-content\/uploads\/2024\/01\/NW3B7180-200x113.jpg 200w, https:\/\/ylleilutuba.ee\/wp-content\/uploads\/2024\/01\/NW3B7180-400x225.jpg 400w, https:\/\/ylleilutuba.ee\/wp-content\/uploads\/2024\/01\/NW3B7180-600x338.jpg 600w, https:\/\/ylleilutuba.ee\/wp-content\/uploads\/2024\/01\/NW3B7180-800x450.jpg 800w, https:\/\/ylleilutuba.ee\/wp-content\/uploads\/2024\/01\/NW3B7180-1200x675.jpg 1200w, https:\/\/ylleilutuba.ee\/wp-content\/uploads\/2024\/01\/NW3B7180.jpg 2048w\" data-sizes=\"auto\" data-orig-sizes=\"(max-width: 1024px) 100vw, (max-width: 640px) 100vw, 800px\" \/><\/span><\/div><\/div><\/div><\/div><\/div><div class=\"fusion-fullwidth fullwidth-box fusion-builder-row-2 fusion-flex-container has-pattern-background has-mask-background fusion-parallax-none hundred-percent-fullwidth non-hundred-percent-height-scrolling lazyload\" style=\"--awb-background-position:left top;--awb-border-sizes-top:0px;--awb-border-sizes-bottom:0px;--awb-border-sizes-left:0px;--awb-border-sizes-right:0px;--awb-border-radius-top-left:0px;--awb-border-radius-top-right:0px;--awb-border-radius-bottom-right:0px;--awb-border-radius-bottom-left:0px;--awb-padding-top:60px;--awb-padding-bottom:100px;--awb-margin-top:0px;--awb-background-color:#ffffff;--awb-background-size:cover;\" data-bg=\"https:\/\/ylleilutuba.ee\/wp-content\/uploads\/2015\/12\/service.png\" ><div class=\"fusion-builder-row fusion-row fusion-flex-align-items-stretch\" style=\"width:104% !important;max-width:104% !important;margin-left: calc(-4% \/ 2 );margin-right: calc(-4% \/ 2 );\"><div class=\"fusion-layout-column fusion_builder_column fusion-builder-column-2 fusion_builder_column_2_3 2_3 fusion-flex-column fusion-flex-align-self-center fusion-no-small-visibility fusion-no-medium-visibility\" style=\"--awb-bg-size:cover;--awb-width-large:66.666666666667%;--awb-spacing-right-large:2.88%;--awb-spacing-left-large:2.88%;--awb-width-medium:100%;--awb-order-medium:0;--awb-spacing-right-medium:1.92%;--awb-spacing-left-medium:1.92%;--awb-width-small:100%;--awb-order-small:0;--awb-spacing-right-small:1.92%;--awb-spacing-left-small:1.92%;\"><div class=\"fusion-column-wrapper fusion-column-has-shadow fusion-flex-justify-content-flex-start fusion-content-layout-column\"><div class=\"fusion-image-element fusion-no-small-visibility\" style=\"text-align:center;\"><span class=\"fusion-imageframe imageframe-none imageframe-2 hover-type-none fusion-no-small-visibility\"><img decoding=\"async\" width=\"2048\" height=\"1152\" title=\"NW3B7187\" src=\"https:\/\/ylleilutuba.ee\/wp-content\/uploads\/2024\/01\/NW3B7187.jpg\" data-orig-src=\"https:\/\/ylleilutuba.ee\/wp-content\/uploads\/2024\/01\/NW3B7187.jpg\" alt class=\"lazyload img-responsive wp-image-1455\" srcset=\"data:image\/svg+xml,%3Csvg%20xmlns%3D%27http%3A%2F%2Fwww.w3.org%2F2000%2Fsvg%27%20width%3D%272048%27%20height%3D%271152%27%20viewBox%3D%270%200%202048%201152%27%3E%3Crect%20width%3D%272048%27%20height%3D%271152%27%20fill-opacity%3D%220%22%2F%3E%3C%2Fsvg%3E\" data-srcset=\"https:\/\/ylleilutuba.ee\/wp-content\/uploads\/2024\/01\/NW3B7187-200x113.jpg 200w, https:\/\/ylleilutuba.ee\/wp-content\/uploads\/2024\/01\/NW3B7187-400x225.jpg 400w, https:\/\/ylleilutuba.ee\/wp-content\/uploads\/2024\/01\/NW3B7187-600x338.jpg 600w, https:\/\/ylleilutuba.ee\/wp-content\/uploads\/2024\/01\/NW3B7187-800x450.jpg 800w, https:\/\/ylleilutuba.ee\/wp-content\/uploads\/2024\/01\/NW3B7187-1200x675.jpg 1200w, https:\/\/ylleilutuba.ee\/wp-content\/uploads\/2024\/01\/NW3B7187.jpg 2048w\" data-sizes=\"auto\" data-orig-sizes=\"(max-width: 1024px) 100vw, (max-width: 640px) 100vw, 800px\" \/><\/span><\/div><\/div><\/div><div class=\"fusion-layout-column fusion_builder_column fusion-builder-column-3 fusion_builder_column_1_3 1_3 fusion-flex-column\" style=\"--awb-padding-top:40px;--awb-padding-right:40px;--awb-padding-bottom:40px;--awb-padding-left:40px;--awb-bg-color:var(--awb-color1);--awb-bg-size:cover;--awb-border-color:var(--awb-color4);--awb-border-top:1px;--awb-border-right:1px;--awb-border-bottom:1px;--awb-border-left:1px;--awb-border-style:solid;--awb-width-large:33.333333333333%;--awb-spacing-right-large:3.84%;--awb-spacing-left-large:5.76%;--awb-width-medium:100%;--awb-order-medium:0;--awb-spacing-right-medium:1.92%;--awb-spacing-left-medium:1.92%;--awb-width-small:100%;--awb-order-small:0;--awb-spacing-right-small:1.92%;--awb-spacing-left-small:1.92%;\"><div class=\"fusion-column-wrapper fusion-column-has-shadow fusion-flex-justify-content-flex-start fusion-content-layout-column\"><div class=\"fusion-title title fusion-title-4 fusion-sep-none fusion-title-text fusion-title-size-three\" style=\"--awb-margin-bottom:20px;--awb-font-size:var(--awb-typography2-font-size);\"><h3 class=\"title-heading-left fusion-responsive-typography-calculated\" style=\"font-family:var(--awb-typography2-font-family);font-weight:var(--awb-typography2-font-weight);font-style:var(--awb-typography2-font-style);margin:0;font-size:1em;letter-spacing:var(--awb-typography2-letter-spacing);text-transform:var(--awb-typography2-text-transform);--fontSize:22;--minFontSize:22;line-height:var(--awb-typography2-line-height);\"><p><strong>MATISPA Slim<br \/>\n<\/strong><\/p><\/h3><\/div><div class=\"fusion-text fusion-text-2\" style=\"--awb-font-size:var(--awb-typography4-font-size);--awb-line-height:1.8;--awb-letter-spacing:var(--awb-typography4-letter-spacing);--awb-text-transform:var(--awb-typography4-text-transform);--awb-text-color:var(--awb-color8);--awb-text-font-family:var(--awb-typography4-font-family);--awb-text-font-weight:var(--awb-typography4-font-weight);--awb-text-font-style:var(--awb-typography4-font-style);\"><p>MATISPA Slim is one of the premium services of \u00dclle's Beautyroom. A slimming and body cleansing treatment in the health capsule, which creates a soothing and light feeling.<\/p>\n<ul>\n<li>Full-body scrub<\/li>\n<li>Body mask (self-heating, containing guarana or rose pepper)<\/li>\n<li>Healthcapsule slimming program (30 minutes)<\/li>\n<li>Soothing massage (Toni Slim or Sculpt Shilouette)<\/li>\n<\/ul>\n<p>Suitable for both men and women<\/p>\n<\/div><div class=\"fusion-separator fusion-full-width-sep\" style=\"align-self: center;margin-left: auto;margin-right: auto;width:100%;\"><\/div><div class=\"fusion-title title fusion-title-5 fusion-sep-none fusion-title-text fusion-title-size-three\" style=\"--awb-font-size:var(--awb-typography2-font-size);\"><h3 class=\"title-heading-left fusion-responsive-typography-calculated\" style=\"font-family:var(--awb-typography2-font-family);font-weight:var(--awb-typography2-font-weight);font-style:var(--awb-typography2-font-style);margin:0;font-size:1em;letter-spacing:var(--awb-typography2-letter-spacing);text-transform:var(--awb-typography2-text-transform);--fontSize:22;--minFontSize:22;line-height:var(--awb-typography2-line-height);\"><p><strong>Duration: 75 Minutes<br \/>\n<\/strong><\/p><\/h3><\/div><div class=\"fusion-title title fusion-title-6 fusion-sep-none fusion-title-text fusion-title-size-three\" style=\"--awb-margin-bottom:30px;--awb-font-size:var(--awb-typography2-font-size);\"><h3 class=\"title-heading-left fusion-responsive-typography-calculated\" style=\"font-family:var(--awb-typography2-font-family);font-weight:var(--awb-typography2-font-weight);font-style:var(--awb-typography2-font-style);margin:0;font-size:1em;letter-spacing:var(--awb-typography2-letter-spacing);text-transform:var(--awb-typography2-text-transform);--fontSize:22;--minFontSize:22;line-height:var(--awb-typography2-line-height);\"><p><strong>Price: 65 \u20ac<br \/>\n<\/strong><\/p><\/h3><\/div><div ><a class=\"fusion-button button-flat fusion-button-default-size button-default fusion-button-default button-2 fusion-button-default-span fusion-button-default-type\" style=\"--button_text_transform:var(--awb-typography3-text-transform);--button_font_size:var(--awb-typography3-font-size);--button_line_height:var(--awb-typography3-line-height);--button_typography-letter-spacing:var(--awb-typography3-letter-spacing);--button_typography-font-family:var(--awb-typography3-font-family);--button_typography-font-weight:var(--awb-typography3-font-weight);--button_typography-font-style:var(--awb-typography3-font-style);width:calc(100%);\" target=\"_self\" href=\"https:\/\/ylleilutuba.ee\/en_us\/broneeri-aeg\/\"><span class=\"fusion-button-text\">BOOK A TREATMENT<\/span><\/a><\/div><\/div><\/div><\/div><\/div><\/p>","protected":false},"excerpt":{"rendered":"","protected":false},"author":1,"featured_media":0,"parent":9,"menu_order":0,"comment_status":"closed","ping_status":"closed","template":"100-width.php","meta":{"footnotes":""},"class_list":["post-1428","page","type-page","status-publish","hentry"],"acf":[],"yoast_head":"<!-- This site is optimized with the Yoast SEO plugin v27.3 - https:\/\/yoast.com\/product\/yoast-seo-wordpress\/ -->\n<title>MATIS kapslihoolitsused - Iluteenused P&auml;rnus - &Uuml;lle Ilutuba<\/title>\n<meta name=\"description\" content=\"MATIS kapslihoolitsused v\u00f5imendavad tavalist tervisekapslihoolitsust l\u00e4bi erinevate koorimis, m\u00e4his ja massaa\u017eiprotseduuride MATIS toodetega.\" \/>\n<meta name=\"robots\" content=\"index, follow, max-snippet:-1, max-image-preview:large, max-video-preview:-1\" \/>\n<link rel=\"canonical\" href=\"https:\/\/ylleilutuba.ee\/en_us\/teenused\/matis-kapslihoolitsused\/\" \/>\n<meta property=\"og:locale\" content=\"en_US\" \/>\n<meta property=\"og:type\" content=\"article\" \/>\n<meta property=\"og:title\" content=\"MATIS kapslihoolitsused - Iluteenused P&auml;rnus - &Uuml;lle Ilutuba\" \/>\n<meta property=\"og:description\" content=\"MATIS kapslihoolitsused v\u00f5imendavad tavalist tervisekapslihoolitsust l\u00e4bi erinevate koorimis, m\u00e4his ja massaa\u017eiprotseduuride MATIS toodetega.\" \/>\n<meta property=\"og:url\" content=\"https:\/\/ylleilutuba.ee\/en_us\/teenused\/matis-kapslihoolitsused\/\" \/>\n<meta property=\"og:site_name\" content=\"Iluteenused P&auml;rnus - &Uuml;lle Ilutuba\" \/>\n<meta property=\"article:publisher\" content=\"https:\/\/www.facebook.com\/profile.php?id=100063483343477\" \/>\n<meta property=\"article:modified_time\" content=\"2024-12-29T11:01:47+00:00\" \/>\n<meta name=\"twitter:card\" content=\"summary_large_image\" \/>\n<meta name=\"twitter:label1\" content=\"Est. reading time\" \/>\n\t<meta name=\"twitter:data1\" content=\"5 minutes\" \/>\n<script type=\"application\/ld+json\" class=\"yoast-schema-graph\">{\"@context\":\"https:\\\/\\\/schema.org\",\"@graph\":[{\"@type\":\"WebPage\",\"@id\":\"https:\\\/\\\/ylleilutuba.ee\\\/teenused\\\/matis-kapslihoolitsused\\\/\",\"url\":\"https:\\\/\\\/ylleilutuba.ee\\\/teenused\\\/matis-kapslihoolitsused\\\/\",\"name\":\"MATIS kapslihoolitsused - Iluteenused P&auml;rnus - &Uuml;lle Ilutuba\",\"isPartOf\":{\"@id\":\"https:\\\/\\\/ylleilutuba.ee\\\/#website\"},\"datePublished\":\"2023-12-29T19:32:23+00:00\",\"dateModified\":\"2024-12-29T11:01:47+00:00\",\"description\":\"MATIS kapslihoolitsused v\u00f5imendavad tavalist tervisekapslihoolitsust l\u00e4bi erinevate koorimis, m\u00e4his ja massaa\u017eiprotseduuride MATIS toodetega.\",\"breadcrumb\":{\"@id\":\"https:\\\/\\\/ylleilutuba.ee\\\/teenused\\\/matis-kapslihoolitsused\\\/#breadcrumb\"},\"inLanguage\":\"en-US\",\"potentialAction\":[{\"@type\":\"ReadAction\",\"target\":[\"https:\\\/\\\/ylleilutuba.ee\\\/teenused\\\/matis-kapslihoolitsused\\\/\"]}]},{\"@type\":\"BreadcrumbList\",\"@id\":\"https:\\\/\\\/ylleilutuba.ee\\\/teenused\\\/matis-kapslihoolitsused\\\/#breadcrumb\",\"itemListElement\":[{\"@type\":\"ListItem\",\"position\":1,\"name\":\"Home\",\"item\":\"https:\\\/\\\/ylleilutuba.ee\\\/\"},{\"@type\":\"ListItem\",\"position\":2,\"name\":\"Teenused\",\"item\":\"https:\\\/\\\/ylleilutuba.ee\\\/teenused\\\/\"},{\"@type\":\"ListItem\",\"position\":3,\"name\":\"MATIS kapslihoolitsused\"}]},{\"@type\":\"WebSite\",\"@id\":\"https:\\\/\\\/ylleilutuba.ee\\\/#website\",\"url\":\"https:\\\/\\\/ylleilutuba.ee\\\/\",\"name\":\"Iluteenused P\u00e4rnus - \u00dclle Ilutuba\",\"description\":\"\",\"publisher\":{\"@id\":\"https:\\\/\\\/ylleilutuba.ee\\\/#organization\"},\"potentialAction\":[{\"@type\":\"SearchAction\",\"target\":{\"@type\":\"EntryPoint\",\"urlTemplate\":\"https:\\\/\\\/ylleilutuba.ee\\\/?s={search_term_string}\"},\"query-input\":{\"@type\":\"PropertyValueSpecification\",\"valueRequired\":true,\"valueName\":\"search_term_string\"}}],\"inLanguage\":\"en-US\"},{\"@type\":\"Organization\",\"@id\":\"https:\\\/\\\/ylleilutuba.ee\\\/#organization\",\"name\":\"\u00dclle Ilutuba\",\"url\":\"https:\\\/\\\/ylleilutuba.ee\\\/\",\"logo\":{\"@type\":\"ImageObject\",\"inLanguage\":\"en-US\",\"@id\":\"https:\\\/\\\/ylleilutuba.ee\\\/#\\\/schema\\\/logo\\\/image\\\/\",\"url\":\"https:\\\/\\\/ylleilutuba.ee\\\/wp-content\\\/uploads\\\/2024\\\/03\\\/ilutuba-logo-dark.png\",\"contentUrl\":\"https:\\\/\\\/ylleilutuba.ee\\\/wp-content\\\/uploads\\\/2024\\\/03\\\/ilutuba-logo-dark.png\",\"width\":592,\"height\":186,\"caption\":\"\u00dclle Ilutuba\"},\"image\":{\"@id\":\"https:\\\/\\\/ylleilutuba.ee\\\/#\\\/schema\\\/logo\\\/image\\\/\"},\"sameAs\":[\"https:\\\/\\\/www.facebook.com\\\/profile.php?id=100063483343477\"]}]}<\/script>\n<!-- \/ Yoast SEO plugin. -->","yoast_head_json":{"title":"MATIS kapslihoolitsused - Iluteenused P&auml;rnus - &Uuml;lle Ilutuba","description":"MATIS kapslihoolitsused v\u00f5imendavad tavalist tervisekapslihoolitsust l\u00e4bi erinevate koorimis, m\u00e4his ja massaa\u017eiprotseduuride MATIS toodetega.","robots":{"index":"index","follow":"follow","max-snippet":"max-snippet:-1","max-image-preview":"max-image-preview:large","max-video-preview":"max-video-preview:-1"},"canonical":"https:\/\/ylleilutuba.ee\/en_us\/teenused\/matis-kapslihoolitsused\/","og_locale":"en_US","og_type":"article","og_title":"MATIS kapslihoolitsused - Iluteenused P&auml;rnus - &Uuml;lle Ilutuba","og_description":"MATIS kapslihoolitsused v\u00f5imendavad tavalist tervisekapslihoolitsust l\u00e4bi erinevate koorimis, m\u00e4his ja massaa\u017eiprotseduuride MATIS toodetega.","og_url":"https:\/\/ylleilutuba.ee\/en_us\/teenused\/matis-kapslihoolitsused\/","og_site_name":"Iluteenused P&auml;rnus - &Uuml;lle Ilutuba","article_publisher":"https:\/\/www.facebook.com\/profile.php?id=100063483343477","article_modified_time":"2024-12-29T11:01:47+00:00","twitter_card":"summary_large_image","twitter_misc":{"Est. reading time":"5 minutes"},"schema":{"@context":"https:\/\/schema.org","@graph":[{"@type":"WebPage","@id":"https:\/\/ylleilutuba.ee\/teenused\/matis-kapslihoolitsused\/","url":"https:\/\/ylleilutuba.ee\/teenused\/matis-kapslihoolitsused\/","name":"MATIS kapslihoolitsused - Iluteenused P&auml;rnus - &Uuml;lle Ilutuba","isPartOf":{"@id":"https:\/\/ylleilutuba.ee\/#website"},"datePublished":"2023-12-29T19:32:23+00:00","dateModified":"2024-12-29T11:01:47+00:00","description":"MATIS kapslihoolitsused v\u00f5imendavad tavalist tervisekapslihoolitsust l\u00e4bi erinevate koorimis, m\u00e4his ja massaa\u017eiprotseduuride MATIS toodetega.","breadcrumb":{"@id":"https:\/\/ylleilutuba.ee\/teenused\/matis-kapslihoolitsused\/#breadcrumb"},"inLanguage":"en-US","potentialAction":[{"@type":"ReadAction","target":["https:\/\/ylleilutuba.ee\/teenused\/matis-kapslihoolitsused\/"]}]},{"@type":"BreadcrumbList","@id":"https:\/\/ylleilutuba.ee\/teenused\/matis-kapslihoolitsused\/#breadcrumb","itemListElement":[{"@type":"ListItem","position":1,"name":"Home","item":"https:\/\/ylleilutuba.ee\/"},{"@type":"ListItem","position":2,"name":"Teenused","item":"https:\/\/ylleilutuba.ee\/teenused\/"},{"@type":"ListItem","position":3,"name":"MATIS kapslihoolitsused"}]},{"@type":"WebSite","@id":"https:\/\/ylleilutuba.ee\/#website","url":"https:\/\/ylleilutuba.ee\/","name":"Iluteenused P\u00e4rnus - \u00dclle Ilutuba","description":"","publisher":{"@id":"https:\/\/ylleilutuba.ee\/#organization"},"potentialAction":[{"@type":"SearchAction","target":{"@type":"EntryPoint","urlTemplate":"https:\/\/ylleilutuba.ee\/?s={search_term_string}"},"query-input":{"@type":"PropertyValueSpecification","valueRequired":true,"valueName":"search_term_string"}}],"inLanguage":"en-US"},{"@type":"Organization","@id":"https:\/\/ylleilutuba.ee\/#organization","name":"\u00dclle Ilutuba","url":"https:\/\/ylleilutuba.ee\/","logo":{"@type":"ImageObject","inLanguage":"en-US","@id":"https:\/\/ylleilutuba.ee\/#\/schema\/logo\/image\/","url":"https:\/\/ylleilutuba.ee\/wp-content\/uploads\/2024\/03\/ilutuba-logo-dark.png","contentUrl":"https:\/\/ylleilutuba.ee\/wp-content\/uploads\/2024\/03\/ilutuba-logo-dark.png","width":592,"height":186,"caption":"\u00dclle Ilutuba"},"image":{"@id":"https:\/\/ylleilutuba.ee\/#\/schema\/logo\/image\/"},"sameAs":["https:\/\/www.facebook.com\/profile.php?id=100063483343477"]}]}},"_links":{"self":[{"href":"https:\/\/ylleilutuba.ee\/en_us\/wp-json\/wp\/v2\/pages\/1428","targetHints":{"allow":["GET"]}}],"collection":[{"href":"https:\/\/ylleilutuba.ee\/en_us\/wp-json\/wp\/v2\/pages"}],"about":[{"href":"https:\/\/ylleilutuba.ee\/en_us\/wp-json\/wp\/v2\/types\/page"}],"author":[{"embeddable":true,"href":"https:\/\/ylleilutuba.ee\/en_us\/wp-json\/wp\/v2\/users\/1"}],"replies":[{"embeddable":true,"href":"https:\/\/ylleilutuba.ee\/en_us\/wp-json\/wp\/v2\/comments?post=1428"}],"version-history":[{"count":14,"href":"https:\/\/ylleilutuba.ee\/en_us\/wp-json\/wp\/v2\/pages\/1428\/revisions"}],"predecessor-version":[{"id":1705,"href":"https:\/\/ylleilutuba.ee\/en_us\/wp-json\/wp\/v2\/pages\/1428\/revisions\/1705"}],"up":[{"embeddable":true,"href":"https:\/\/ylleilutuba.ee\/en_us\/wp-json\/wp\/v2\/pages\/9"}],"wp:attachment":[{"href":"https:\/\/ylleilutuba.ee\/en_us\/wp-json\/wp\/v2\/media?parent=1428"}],"curies":[{"name":"wp","href":"https:\/\/api.w.org\/{rel}","templated":true}]}}